{"id":206,"date":"2022-10-25T14:38:33","date_gmt":"2022-10-25T14:38:33","guid":{"rendered":"https:\/\/ncondominios.com\/?page_id=206"},"modified":"2023-10-17T11:05:12","modified_gmt":"2023-10-17T11:05:12","slug":"gecond-2","status":"publish","type":"page","link":"https:\/\/ncondominios.com\/en\/gecond-2\/","title":{"rendered":"GECOND"},"content":{"rendered":"<div class=\"banner has-hover\" id=\"banner-620900837\">\n          <div class=\"banner-inner fill\">\n        <div class=\"banner-bg fill\" >\n            <div class=\"bg fill bg-fill\"><\/div>\n                        <div class=\"overlay\"><\/div>            \n                    <\/div>\n        <div class=\"banner-layers container\">\n            <div class=\"fill banner-link\"><\/div>            \n\n   <div id=\"text-box-1769873862\" class=\"text-box banner-layer x50 md-x50 lg-x50 y50 md-y50 lg-y50 res-text\">\n                                <div class=\"text-box-content text dark\">\n              \n              <div class=\"text-inner text-center\">\n                  \n\n\t<div id=\"text-158902910\" class=\"text\">\n\t\t\n\n<h1 class=\"uppercase\"><strong>GECOND<\/strong><\/h1>\n<p>The favorite software for condos for over 20 years.<\/p>\n\t\t\n<style>\n#text-158902910 {\n  color: rgb(255,255,255);\n}\n#text-158902910 > * {\n  color: rgb(255,255,255);\n}\n<\/style>\n\t<\/div>\n\t\n\n              <\/div>\n           <\/div>\n                            \n<style>\n#text-box-1769873862 {\n  width: 60%;\n}\n#text-box-1769873862 .text-box-content {\n  font-size: 100%;\n}\n<\/style>\n    <\/div>\n \n\n        <\/div>\n      <\/div>\n\n            \n<style>\n#banner-620900837 {\n  padding-top: 500px;\n}\n#banner-620900837 .bg.bg-loaded {\n  background-image: url(https:\/\/ncondominios.com\/wp-content\/uploads\/2022\/11\/pessoa-com-telemovel-1024x683.jpg);\n}\n#banner-620900837 .overlay {\n  background-color: rgba(0,0,0,.5);\n}\n#banner-620900837 .bg {\n  background-position: 95% 59%;\n}\n<\/style>\n  <\/div>\n\n\n\t<div id=\"gap-1254402503\" class=\"gap-element clearfix\" style=\"display:block; height:auto;\">\n\t\t\n<style>\n#gap-1254402503 {\n  padding-top: 30px;\n}\n<\/style>\n\t<\/div>\n\t\n\n\t<section class=\"section\" id=\"section_1089222227\">\n\t\t<div class=\"bg section-bg fill bg-fill  bg-loaded\" >\n\n\t\t\t\n\t\t\t\n\t\t\t\n\n\t\t<\/div>\n\n\t\t<div class=\"section-content relative\">\n\t\t\t\n\n<div class=\"row\"  id=\"row-927305365\">\n\n\n\t<div id=\"col-406387708\" class=\"col medium-5 small-12 large-5\"  data-animate=\"fadeInLeft\">\n\t\t<div class=\"col-inner\"  >\n\t\t\t\n\t\t\t\n\n\t<div class=\"img has-hover x md-x lg-x y md-y lg-y\" id=\"image_341962886\">\n\t\t\t\t\t\t\t\t<div class=\"img-inner dark\" >\n\t\t\t\t\t\t\t\t\t\n\t\t\t\t\t<\/div>\n\t\t\t\t\t\t\t\t\n<style>\n#image_341962886 {\n  width: 100%;\n}\n<\/style>\n\t<\/div>\n\t\n\n\t<div class=\"img has-hover x md-x lg-x y md-y lg-y\" id=\"image_1104283032\">\n\t\t\t\t\t\t\t\t<div class=\"img-inner dark\" >\n\t\t\t<img width=\"1020\" height=\"680\" src=\"https:\/\/ncondominios.com\/wp-content\/uploads\/2022\/11\/woman-with-phone-3-1024x683.jpg\" class=\"attachment-large size-large\" alt=\"\" loading=\"lazy\" srcset=\"https:\/\/ncondominios.com\/wp-content\/uploads\/2022\/11\/woman-with-phone-3-1024x683.jpg 1024w, https:\/\/ncondominios.com\/wp-content\/uploads\/2022\/11\/woman-with-phone-3-300x200.jpg 300w, https:\/\/ncondominios.com\/wp-content\/uploads\/2022\/11\/woman-with-phone-3-768x512.jpg 768w, https:\/\/ncondominios.com\/wp-content\/uploads\/2022\/11\/woman-with-phone-3-1536x1024.jpg 1536w, https:\/\/ncondominios.com\/wp-content\/uploads\/2022\/11\/woman-with-phone-3-2048x1366.jpg 2048w, https:\/\/ncondominios.com\/wp-content\/uploads\/2022\/11\/woman-with-phone-3-18x12.jpg 18w\" sizes=\"(max-width: 1020px) 100vw, 1020px\" \/>\t\t\t\t\t\t\n\t\t\t\t\t<\/div>\n\t\t\t\t\t\t\t\t\n<style>\n#image_1104283032 {\n  width: 100%;\n}\n<\/style>\n\t<\/div>\n\t\n\n\n\t\t<\/div>\n\t\t\t<\/div>\n\n\t\n\n\t<div id=\"col-1122095766\" class=\"col medium-7 small-12 large-7\"  data-animate=\"fadeInLeft\">\n\t\t<div class=\"col-inner\"  >\n\t\t\t\n\t\t\t\n\n\t<div id=\"gap-1507678498\" class=\"gap-element clearfix\" style=\"display:block; height:auto;\">\n\t\t\n<style>\n#gap-1507678498 {\n  padding-top: 60px;\n}\n<\/style>\n\t<\/div>\n\t\n\n<h2>Meet GECOND<\/h2>\n<p>Aplica\u00e7\u00e3o completamente voltada ao cond\u00f3mino, permitindo a vota\u00e7\u00e3o para assembleias, consulta da conta corrente e pagamentos, submiss\u00e3o de avarias, documentos e resposta a inqu\u00e9ritos.<\/p>\n\n\t\t<\/div>\n\t\t\t<\/div>\n\n\t\n\n<\/div>\n\n\t\t<\/div>\n\n\t\t\n<style>\n#section_1089222227 {\n  padding-top: 60px;\n  padding-bottom: 60px;\n}\n<\/style>\n\t<\/section>\n\t\n\t<div id=\"gap-903268619\" class=\"gap-element clearfix\" style=\"display:block; height:auto;\">\n\t\t\n<style>\n#gap-903268619 {\n  padding-top: 30px;\n}\n<\/style>\n\t<\/div>\n\t\n\n\t<section class=\"section\" id=\"section_257213500\">\n\t\t<div class=\"bg section-bg fill bg-fill  bg-loaded\" >\n\n\t\t\t\n\t\t\t\n\t\t\t\n\n\t\t<\/div>\n\n\t\t<div class=\"section-content relative\">\n\t\t\t\n\n<div class=\"row\"  id=\"row-1992980381\">\n\n\n\t<div id=\"col-266264950\" class=\"col medium-7 small-12 large-7\"  data-animate=\"fadeInRight\">\n\t\t<div class=\"col-inner\"  >\n\t\t\t\n\t\t\t\n\n<h3 class=\"uppercase\">Have your condominium always at hand.<\/h3>\n<h6>With GECOND you can:<\/h6>\n\t<div id=\"gap-1410542216\" class=\"gap-element clearfix\" style=\"display:block; height:auto;\">\n\t\t\n<style>\n#gap-1410542216 {\n  padding-top: 30px;\n}\n<\/style>\n\t<\/div>\n\t\n\n\t<div id=\"text-799554511\" class=\"text\">\n\t\t\n\n<ul>\n<li>Consulta da ficha pessoal e pedido de altera\u00e7\u00e3o de dados<\/li>\n<li>Consulta da conta corrente e gera\u00e7\u00e3o de dados para pagamento<\/li>\n<li>Consulta de recibos com possibilidade de emitir segundas-vias<\/li>\n<li>Consulta das quotas anuais das v\u00e1rias fra\u00e7\u00f5es<\/li>\n<li>Submiss\u00e3o de avarias e outros pedidos<\/li>\n<li>Consulta de documentos do condom\u00ednio (atas, regulamento interno, etc.)<\/li>\n<li>Vota\u00e7\u00e3o para assembleias do condom\u00ednio<\/li>\n<li>Resposta a inqu\u00e9ritos e question\u00e1rios<\/li>\n<li>Consulta dos valores em d\u00edvidas das v\u00e1rias fra\u00e7\u00f5es (opcional)<\/li>\n<li>Consulta de mensagens enviadas pela administra\u00e7\u00e3o<\/li>\n<\/ul>\n\t\t\n<style>\n#text-799554511 {\n  line-height: 2.25;\n}\n<\/style>\n\t<\/div>\n\t\n\n\t\t<\/div>\n\t\t\t<\/div>\n\n\t\n\n\t<div id=\"col-876719579\" class=\"col medium-5 small-12 large-5\"  data-animate=\"fadeInRight\">\n\t\t<div class=\"col-inner\"  >\n\t\t\t\n\t\t\t\n\n\t<div class=\"img has-hover x md-x lg-x y md-y lg-y\" id=\"image_439552119\">\n\t\t\t\t\t\t\t\t<div class=\"img-inner dark\" >\n\t\t\t<img width=\"504\" height=\"531\" src=\"https:\/\/ncondominios.com\/wp-content\/uploads\/2022\/10\/gecond-app.png\" class=\"attachment-large size-large\" alt=\"\" loading=\"lazy\" srcset=\"https:\/\/ncondominios.com\/wp-content\/uploads\/2022\/10\/gecond-app.png 504w, https:\/\/ncondominios.com\/wp-content\/uploads\/2022\/10\/gecond-app-285x300.png 285w\" sizes=\"(max-width: 504px) 100vw, 504px\" \/>\t\t\t\t\t\t\n\t\t\t\t\t<\/div>\n\t\t\t\t\t\t\t\t\n<style>\n#image_439552119 {\n  width: 100%;\n}\n<\/style>\n\t<\/div>\n\t\n\n\n\t\t<\/div>\n\t\t\t<\/div>\n\n\t\n\n<\/div>\n\n\t\t<\/div>\n\n\t\t\n<style>\n#section_257213500 {\n  padding-top: 60px;\n  padding-bottom: 60px;\n  background-color: rgb(247, 241, 241);\n}\n<\/style>\n\t<\/section>\n\t\n\t<div id=\"gap-189423844\" class=\"gap-element clearfix\" style=\"display:block; height:auto;\">\n\t\t\n<style>\n#gap-189423844 {\n  padding-top: 30px;\n}\n<\/style>\n\t<\/div>\n\t\n\n\t<section class=\"section\" id=\"section_837448571\">\n\t\t<div class=\"bg section-bg fill bg-fill  bg-loaded\" >\n\n\t\t\t\n\t\t\t\n\t\t\t\n\n\t\t<\/div>\n\n\t\t<div class=\"section-content relative\">\n\t\t\t\n\n<div class=\"row\"  id=\"row-1061188253\">\n\n\n\t<div id=\"col-115877813\" class=\"col medium-5 small-12 large-5\"  data-animate=\"fadeInRight\">\n\t\t<div class=\"col-inner\"  >\n\t\t\t\n\t\t\t\n\n<h3 class=\"uppercase\">administra\u00e7\u00e3o moderna, \u00c1GIL e transparente com informa\u00e7\u00e3o dispon\u00edvel 24 horas por dia.<\/h3>\n\n\t\t<\/div>\n\t\t\t<\/div>\n\n\t\n\n\t<div id=\"col-222801873\" class=\"col medium-7 small-12 large-7\"  data-animate=\"fadeInRight\">\n\t\t<div class=\"col-inner\"  >\n\t\t\t\n\t\t\t\n\n<p style=\"text-align: left;\">Com o GECOND, nosso software de gest\u00e3o de condom\u00ednios, a informa\u00e7\u00e3o \u00e9 automaticamente compartilhada com seguran\u00e7a entre cond\u00f3minos. Simplificamos a comunica\u00e7\u00e3o e a gest\u00e3o, eliminando a necessidade de reuni\u00f5es presenciais.<\/p>\n\n\t\t<\/div>\n\t\t\t<\/div>\n\n\t\n\n<\/div>\n<div class=\"row row-large\"  id=\"row-1432444689\">\n\n\n\t<div id=\"col-825732784\" class=\"col medium-4 small-12 large-4\"  data-animate=\"fadeInRight\">\n\t\t<div class=\"col-inner text-center\" style=\"background-color:rgb(255,255,255);\" >\n\t\t\t\n\t\t\t\n\n\n\t\t<div class=\"icon-box featured-box icon-box-center text-center\"  >\n\t\t\t\t\t<div class=\"icon-box-img\" style=\"width: 80px\">\n\t\t\t\t<div class=\"icon\">\n\t\t\t\t\t<div class=\"icon-inner\" >\n\t\t\t\t\t\t<img width=\"300\" height=\"300\" src=\"https:\/\/ncondominios.com\/wp-content\/uploads\/2022\/10\/digital.svg\" class=\"attachment-medium size-medium\" alt=\"\" loading=\"lazy\" \/>\t\t\t\t\t<\/div>\n\t\t\t\t<\/div>\n\t\t\t<\/div>\n\t\t\t\t<div class=\"icon-box-text last-reset\">\n\t\t\t\t\t\t\t\t\t\n\n\t<div id=\"text-2650026176\" class=\"text\">\n\t\t\n\n<h3>100% digital<\/h3>\n\t\t\n<style>\n#text-2650026176 {\n  font-size: 1.25rem;\n}\n<\/style>\n\t<\/div>\n\t\n\n\t\t<\/div>\n\t<\/div>\n\t\n\t\n\n\t\t<\/div>\n\t\t\n<style>\n#col-825732784 > .col-inner {\n  border-radius: 4px;\n}\n<\/style>\n\t<\/div>\n\n\t\n\n\t<div id=\"col-1515896275\" class=\"col medium-4 small-12 large-4\"  data-animate=\"fadeInRight\">\n\t\t<div class=\"col-inner text-center\"  >\n\t\t\t\n\t\t\t\n\n\n\t\t<div class=\"icon-box featured-box icon-box-center text-center\"  >\n\t\t\t\t\t<div class=\"icon-box-img\" style=\"width: 80px\">\n\t\t\t\t<div class=\"icon\">\n\t\t\t\t\t<div class=\"icon-inner\" >\n\t\t\t\t\t\t<img width=\"300\" height=\"270\" src=\"https:\/\/ncondominios.com\/wp-content\/uploads\/2022\/10\/disponibilidade.svg\" class=\"attachment-medium size-medium\" alt=\"\" loading=\"lazy\" \/>\t\t\t\t\t<\/div>\n\t\t\t\t<\/div>\n\t\t\t<\/div>\n\t\t\t\t<div class=\"icon-box-text last-reset\">\n\t\t\t\t\t\t\t\t\t\n\n\t<div id=\"text-1747931048\" class=\"text\">\n\t\t\n\n<h3>Available 24\/7<\/h3>\n\t\t\n<style>\n#text-1747931048 {\n  font-size: 1.25rem;\n}\n<\/style>\n\t<\/div>\n\t\n\n\t\t<\/div>\n\t<\/div>\n\t\n\t\n\n\t\t<\/div>\n\t\t\t<\/div>\n\n\t\n\n\t<div id=\"col-1553597260\" class=\"col medium-4 small-12 large-4\"  data-animate=\"fadeInRight\">\n\t\t<div class=\"col-inner text-center\"  >\n\t\t\t\n\t\t\t\n\n\n\t\t<div class=\"icon-box featured-box icon-box-center text-center\"  >\n\t\t\t\t\t<div class=\"icon-box-img\" style=\"width: 60px\">\n\t\t\t\t<div class=\"icon\">\n\t\t\t\t\t<div class=\"icon-inner\" >\n\t\t\t\t\t\t<img width=\"300\" height=\"300\" src=\"https:\/\/ncondominios.com\/wp-content\/uploads\/2022\/10\/seguro.svg\" class=\"attachment-medium size-medium\" alt=\"\" loading=\"lazy\" \/>\t\t\t\t\t<\/div>\n\t\t\t\t<\/div>\n\t\t\t<\/div>\n\t\t\t\t<div class=\"icon-box-text last-reset\">\n\t\t\t\t\t\t\t\t\t\n\n\t<div id=\"text-4102971559\" class=\"text\">\n\t\t\n\n<h3>Insurance<\/h3>\n\t\t\n<style>\n#text-4102971559 {\n  font-size: 1.25rem;\n}\n<\/style>\n\t<\/div>\n\t\n\n\t\t<\/div>\n\t<\/div>\n\t\n\t\n\n\t\t<\/div>\n\t\t\t<\/div>\n\n\t\n\n<\/div>\n\t<div id=\"gap-1653386651\" class=\"gap-element clearfix\" style=\"display:block; height:auto;\">\n\t\t\n<style>\n#gap-1653386651 {\n  padding-top: 30px;\n}\n<\/style>\n\t<\/div>\n\t\n\n<div class=\"row\"  id=\"row-433367237\">\n\n\n\t<div id=\"col-1864785569\" class=\"col small-12 large-12\"  data-animate=\"fadeInRight\">\n\t\t<div class=\"col-inner text-center\"  >\n\t\t\t\n\t\t\t\n\n<a href=\"#orcamento\" target=\"_self\" class=\"button primary reveal-icon\"  style=\"border-radius:4px;\">\n    <span>REQUEST A PROPOSAL<\/span>\n  <i class=\"icon-angle-right\" ><\/i><\/a>\n\n\n\n\t\t<\/div>\n\t\t\t<\/div>\n\n\t\n\n<\/div>\n\n\t\t<\/div>\n\n\t\t\n<style>\n#section_837448571 {\n  padding-top: 45px;\n  padding-bottom: 45px;\n  background-color: rgb(255,255,255);\n}\n@media (min-width:550px) {\n  #section_837448571 {\n    padding-top: 65px;\n    padding-bottom: 65px;\n  }\n}\n@media (min-width:850px) {\n  #section_837448571 {\n    padding-top: 90px;\n    padding-bottom: 90px;\n  }\n}\n<\/style>\n\t<\/section>","protected":false},"excerpt":{"rendered":"","protected":false},"author":1,"featured_media":0,"parent":0,"menu_order":0,"comment_status":"closed","ping_status":"closed","template":"page-blank.php","meta":{"inline_featured_image":false},"_links":{"self":[{"href":"https:\/\/ncondominios.com\/en\/wp-json\/wp\/v2\/pages\/206"}],"collection":[{"href":"https:\/\/ncondominios.com\/en\/wp-json\/wp\/v2\/pages"}],"about":[{"href":"https:\/\/ncondominios.com\/en\/wp-json\/wp\/v2\/types\/page"}],"author":[{"embeddable":true,"href":"https:\/\/ncondominios.com\/en\/wp-json\/wp\/v2\/users\/1"}],"replies":[{"embeddable":true,"href":"https:\/\/ncondominios.com\/en\/wp-json\/wp\/v2\/comments?post=206"}],"version-history":[{"count":23,"href":"https:\/\/ncondominios.com\/en\/wp-json\/wp\/v2\/pages\/206\/revisions"}],"predecessor-version":[{"id":1047,"href":"https:\/\/ncondominios.com\/en\/wp-json\/wp\/v2\/pages\/206\/revisions\/1047"}],"wp:attachment":[{"href":"https:\/\/ncondominios.com\/en\/wp-json\/wp\/v2\/media?parent=206"}],"curies":[{"name":"wp","href":"https:\/\/api.w.org\/{rel}","templated":true}]}}